{"id":12012,"date":"2018-12-13T18:06:59","date_gmt":"2018-12-13T17:06:59","guid":{"rendered":"http:\/\/carre-creation.com\/?page_id=12012"},"modified":"2019-03-07T10:29:00","modified_gmt":"2019-03-07T09:29:00","slug":"plafonds","status":"publish","type":"page","link":"https:\/\/carre-creation.com\/index.php\/plafonds\/","title":{"rendered":"Plafonds"},"content":{"rendered":"<div class=\"push \" style=\"height:10px\"><\/div>\n<div class=\"row \"><div class=\"wpv-grid grid-1-1  wpv-first-level parallax-bg first extended has-extended-padding\" style=\"padding-top:25px;padding-bottom:5px;\" id=\"wpv-column-294398e2fb5406b958a5bbe99c23b5fc\"  data-parallax-method=\"to-centre\" data-parallax-inertia=\"-0.2\"><div class=\"limit-wrapper\"><div class=\"extended-column-inner\"><div class=\"row \"><div class=\"wpv-grid grid-1-1  first unextended has-extended-padding\" style=\"padding-top:20px;padding-bottom:0.05px;\" id=\"wpv-column-f51a2df2023f9a7036b690d64cf6adb1\" ><div class=\"row \"><div class=\"wpv-grid grid-1-1  first unextended animation-fade-in animated-active no-extended-padding\" style=\"padding-top:0.05px;padding-bottom:0.05px;\" id=\"wpv-column-fba90b74676bfee3b6eaa2b6ac0fdb1d\" ><h2 style=\"text-align: center;\">Voyez plus grand pour vos\u00a0<strong><span style=\"color: #c31b30;\">[<\/span>\u00a0]\u00a0PLAFONDS.<\/strong><\/h2>\n<p style=\"text-align: center;\"><strong><span style=\"color: #c31b30;\">[<\/span>\u00a0<\/strong><strong>]\u00a0CARRE CREATION<\/strong> vous propose toutes les solutions en neuf et en r\u00e9novation pour vos <strong><span style=\"color: #c31b30;\">[<\/span>\u00a0<\/strong><strong>] PLAFONDS<\/strong>.<\/p>\n<p>Notre forte technicit\u00e9 nous permet de vous garantir un r\u00e9sultat \u00e0 la hauteur de vos attentes, avec conseil et respects des d\u00e9lais. Nos 20 ann\u00e9es d\u2019exp\u00e9rience cumul\u00e9e nous permettent de vous accompagner dans le choix du bon produit et de sa mise en oeuvre optimale pour r\u00e9pondre \u00e0 vos attentes, besoins ou envies.<\/p>\n<div class=\"push \" style=\"height:40px\"><\/div><\/div><\/div>\n<div class=\"row \"><div class=\"wpv-grid grid-1-2  first unextended animation-from-bottom animated-active no-extended-padding\" style=\"padding-top:0.05px;padding-bottom:0.05px;\" id=\"wpv-column-20144b26fa96a0e5226098faa995543c\" ><p><img loading=\"lazy\" decoding=\"async\" class=\"alignnone size-full wp-image-12078\" src=\"http:\/\/carre-creation.com\/wp-content\/uploads\/2019\/03\/Carre-creation-plafond-tendu.jpg\" alt=\"\" width=\"555\" height=\"362\" srcset=\"https:\/\/carre-creation.com\/wp-content\/uploads\/2019\/03\/Carre-creation-plafond-tendu.jpg 555w, https:\/\/carre-creation.com\/wp-content\/uploads\/2019\/03\/Carre-creation-plafond-tendu-300x196.jpg 300w, https:\/\/carre-creation.com\/wp-content\/uploads\/2019\/03\/Carre-creation-plafond-tendu-360x235.jpg 360w, https:\/\/carre-creation.com\/wp-content\/uploads\/2019\/03\/Carre-creation-plafond-tendu-262x171.jpg 262w\" sizes=\"(max-width: 555px) 100vw, 555px\" \/><span class='dropcap1 '>PLAFOND TENDU<\/span>\n<p style=\"text-align: justify;\"><strong><span style=\"color: #c31b30;\">[<\/span>\u00a0<\/strong><strong>]\u00a0Agen\u00e7ons ensemble, jouons avec vos espaces gr\u00e2ce aux p<\/strong><b><span lang=\"fr\">lafonds tendus.<\/span><\/b><span lang=\"fr\">\u00a0(Installateur agr\u00e9\u00e9 BARRISOL).<\/span><\/p>\n<p style=\"text-align: justify;\"><a href=\"http:\/\/carre-creation.com\/index.php\/barrisol\/\"><img loading=\"lazy\" decoding=\"async\" class=\"alignleft wp-image-12045\" src=\"http:\/\/carre-creation.com\/wp-content\/uploads\/2018\/12\/barisol.jpg\" alt=\"\" width=\"100\" height=\"100\" srcset=\"https:\/\/carre-creation.com\/wp-content\/uploads\/2018\/12\/barisol.jpg 250w, https:\/\/carre-creation.com\/wp-content\/uploads\/2018\/12\/barisol-150x150.jpg 150w, https:\/\/carre-creation.com\/wp-content\/uploads\/2018\/12\/barisol-60x60.jpg 60w, https:\/\/carre-creation.com\/wp-content\/uploads\/2018\/12\/barisol-43x43.jpg 43w\" sizes=\"(max-width: 100px) 100vw, 100px\" \/><\/a><\/p>\n<p style=\"text-align: justify;\"><span lang=\"fr\">Toiles tendues \/ appareillages techniques (spots, VMC, climatisation, \u00e9crans, vid\u00e9oprojecteurs, syst\u00e8mes audio) \/ joues, retomb\u00e9es pour recevoir la toile tendue \/ aspect mat, brillants, acoustique, lumi\u00e8re. \/ 15 finitions parfaites, adaptables \u00e0 tous les espaces, toutes formes possibles, long\u00e9vit\u00e9 et durabilit\u00e9 de 10 ans \/ Aspect \u00e9cologique, recyclable 100%. <\/span><\/div>\n<div class=\"wpv-grid grid-1-2  unextended animation-from-bottom animated-active no-extended-padding\" style=\"padding-top:0.05px;padding-bottom:0.05px;\" id=\"wpv-column-71b1dd44d82fecdc2bdfe6d60eddd716\" ><p><img loading=\"lazy\" decoding=\"async\" class=\"alignnone size-full wp-image-12086\" src=\"http:\/\/carre-creation.com\/wp-content\/uploads\/2019\/03\/Carre-creation-Plafonds-supsendus-fixes.jpg\" alt=\"\" width=\"555\" height=\"362\" srcset=\"https:\/\/carre-creation.com\/wp-content\/uploads\/2019\/03\/Carre-creation-Plafonds-supsendus-fixes.jpg 555w, https:\/\/carre-creation.com\/wp-content\/uploads\/2019\/03\/Carre-creation-Plafonds-supsendus-fixes-300x196.jpg 300w, https:\/\/carre-creation.com\/wp-content\/uploads\/2019\/03\/Carre-creation-Plafonds-supsendus-fixes-360x235.jpg 360w, https:\/\/carre-creation.com\/wp-content\/uploads\/2019\/03\/Carre-creation-Plafonds-supsendus-fixes-262x171.jpg 262w\" sizes=\"(max-width: 555px) 100vw, 555px\" \/><\/p>\n<span class='dropcap1 '>PLAFONDS SUSPENDUS ET FIXES<\/span>\n<p style=\"text-align: justify;\"><strong><span style=\"color: #c31b30;\">[<\/span>\u00a0<\/strong><strong>] Varions vos envies gr\u00e2ce aux p<\/strong><strong>lafonds suspendus et fixes (image telle que sur la home les dalles plalco avec trous al\u00e9atoires)<\/strong>.<\/p>\n<p style=\"text-align: justify;\">Dalles (dont lumineuses) \/ placo \/ corniches, faux plafonds, caissons lumineux, int\u00e9gration LED, vid\u00e9o, audio, \u2026<\/div><\/div>\n<div class=\"push  wpv-hide-lowres\" style=\"height:40px\"><\/div>\n<div class=\"row \"><div class=\"wpv-grid grid-1-2  first unextended animation-from-bottom animated-active no-extended-padding\" style=\"padding-top:0.05px;padding-bottom:0.05px;\" id=\"wpv-column-aa45c01cff40c17340858c877dd8e6ae\" ><p><img loading=\"lazy\" decoding=\"async\" class=\"alignnone size-full wp-image-12079\" src=\"http:\/\/carre-creation.com\/wp-content\/uploads\/2019\/03\/Carre-creation-vip.jpg\" alt=\"\" width=\"555\" height=\"362\" srcset=\"https:\/\/carre-creation.com\/wp-content\/uploads\/2019\/03\/Carre-creation-vip.jpg 555w, https:\/\/carre-creation.com\/wp-content\/uploads\/2019\/03\/Carre-creation-vip-300x196.jpg 300w, https:\/\/carre-creation.com\/wp-content\/uploads\/2019\/03\/Carre-creation-vip-360x235.jpg 360w, https:\/\/carre-creation.com\/wp-content\/uploads\/2019\/03\/Carre-creation-vip-262x171.jpg 262w\" sizes=\"(max-width: 555px) 100vw, 555px\" \/><\/p>\n<span class='dropcap1 '>VIP<\/span>\n<p style=\"text-align: justify;\"><strong><span style=\"color: #c31b30;\">Varions vos envies.<\/span><\/strong> Comptez sur nous pour cr\u00e9er avec vous l\u2019effet waouh : PVC 3D, PVC carreaux de ciments, PVC parquets, carrelage imitation parquet, s\u00e9ries limit\u00e9es, Flotex.<\/p>\n<p style=\"text-align: justify;\"><strong><span style=\"color: #c31b30;\">[<\/span>\u00a0<\/strong><strong>]\u00a0<\/strong>D\u00e9couvrir \u201cCARRE VIP\u201d\u00a0Aucune limite \u00e0 vos envies et vos id\u00e9es gr\u00e2ce aux plafonds tendus : texture, forme, il n\u2019y a plus qu\u2019\u00e0 cr\u00e9er vos espaces !<\/div>\n<div class=\"wpv-grid grid-1-2  unextended animation-from-bottom animated-active has-extended-padding\" style=\"padding-top:0.05px;padding-bottom:0.05px;\" id=\"wpv-column-d7fd0f907bc931a7361f68c0c2e92b5e\" ><\/div><\/div>\n<div class=\"push \" style=\"height:30px\"><\/div>\n<div class=\"row \"><div class=\"wpv-grid grid-1-1 add-border first unextended animation-fade-in animated-active has-extended-padding\" style=\"padding-top:30px;padding-bottom:20px;\" id=\"wpv-column-dea29a0fb3e1c5a4846fe90269501340\" ><div class=\"row \"><div class=\"wpv-grid grid-1-1  first unextended no-extended-padding\" style=\"padding-top:0.05px;padding-bottom:0.05px;\" id=\"wpv-column-9d4a193df199608e5d611b06109f7304\" ><span class='icon shortcode theme  use-hover' style='color:#C31B30;font-size:32px !important;'>&#57473;<\/span><\/div><\/div>\n<div class=\"row \"><div class=\"wpv-grid grid-1-1  first unextended no-extended-padding\" style=\"padding-top:0.05px;padding-bottom:0.05px;\" id=\"wpv-column-fbec728c4351e8209370f075542ff709\" >\t<div class=\"bxslider-wrapper blockquote-slider\">\n\t\t<ul class=\"bxslider-container\" id=\"4bfc0fbc938db4dfd0575722b678b68d\">\n\t\t\t\t\t\t\t<li>\n\t\t\t\t\t\t\t\t\t\t\t<blockquote class='clearfix small simple post-7587 testimonials type-testimonials status-publish hentry testimonials_category-slider-no-photo'><h3 class=\"quote-summary\">\"Le chantier s\u2019est d\u00e9roul\u00e9 comme nous l\u2019avions convenu, et le r\u00e9sultat est superbe !\"<\/h3><div class=\"quote-title-wrapper clearfix\"><div class='quote-title'><span class='icon shortcode   use-hover' style='color:#F8DF04;'>&#57864;<\/span><span class='icon shortcode   use-hover' style='color:#F8DF04;'>&#57864;<\/span><span class='icon shortcode   use-hover' style='color:#F8DF04;'>&#57864;<\/span><span class='icon shortcode   use-hover' style='color:#F8DF04;'>&#57864;<\/span><span class='icon shortcode   use-hover' style='color:#F8DF04;'>&#57864;<\/span> &mdash; <span class='the-title'>Arnaud L. (Architecte)<\/span><\/div><\/div><div class='quote-text'><div class=\"quote-content\">Le professionnalisme , la r\u00e9activit\u00e9 et la force de propositions. Entreprise tr\u00e8s s\u00e9rieuse capable de r\u00e9pondre ou solutionner rapidement les probl\u00e8mes techniques ou de planning de chantier<\/div><\/div><\/blockquote>\t\t\t\t\t\t\t\t\t<\/li>\n\t\t\t\t\t\t\t<li>\n\t\t\t\t\t\t\t\t\t\t\t<blockquote class='clearfix small simple post-9665 testimonials type-testimonials status-publish hentry testimonials_category-slider-no-photo'><h3 class=\"quote-summary\">\"Le r\u00e9sultat est au-dessus de nos attentes !\"<\/h3><div class=\"quote-title-wrapper clearfix\"><div class='quote-title'><span class='icon shortcode   use-hover' style='color:#F8DF04;'>&#57864;<\/span><span class='icon shortcode   use-hover' style='color:#F8DF04;'>&#57864;<\/span><span class='icon shortcode   use-hover' style='color:#F8DF04;'>&#57864;<\/span><span class='icon shortcode   use-hover' style='color:#F8DF04;'>&#57864;<\/span><span class='icon shortcode   use-hover' style='color:#F8DF04;'>&#57864;<\/span> &mdash; <span class='the-title'>C\u00e9dric T. (Architecte)<\/span><\/div><\/div><div class='quote-text'><div class=\"quote-content\">L'excellent relationnel, la forte disponibilit\u00e9 et la r\u00e9activit\u00e9 des charg\u00e9s d'affaires<\/div><\/div><\/blockquote>\t\t\t\t\t\t\t\t\t<\/li>\n\t\t\t\t\t<\/ul>\n\t\t<script>\n\t\t\tjQuery(function($) {\n\t\t\t\tvar el = $('#4bfc0fbc938db4dfd0575722b678b68d');\n\t\t\t\tel.data('bxslider', el.bxSlider({\n\t\t\t\t\tpager: true,\n\t\t\t\t\tcontrols: false,\n\t\t\t\t\tauto: true,\n\t\t\t\t\tpause: 7000,\n\t\t\t\t\tautoHover: true,\n\t\t\t\t\tadaptiveHeight: false\t\t\t\t}));\n\t\t\t});\n\t\t<\/script>\n\t<\/div>\n\n<\/div><\/div><\/div><\/div><\/div><\/div>\n<div class=\"push  wpv-hide-lowres\" style=\"height:40px\"><\/div>\n<div class=\"row \"><div class=\"wpv-grid grid-1-1  first has-background extended animation-from-bottom animated-active has-extended-padding\" style=\"background-color:#F4F4F4;padding-top:40px;padding-bottom:40px;\" id=\"wpv-column-f9571608b4f10f84fa4a2b9fbf9b6905\" ><div class=\"limit-wrapper\"><div class=\"extended-column-inner\"><style>#wpv-column-f9571608b4f10f84fa4a2b9fbf9b6905 p,#wpv-column-f9571608b4f10f84fa4a2b9fbf9b6905 em,#wpv-column-f9571608b4f10f84fa4a2b9fbf9b6905 h1,#wpv-column-f9571608b4f10f84fa4a2b9fbf9b6905 h2,#wpv-column-f9571608b4f10f84fa4a2b9fbf9b6905 h3,#wpv-column-f9571608b4f10f84fa4a2b9fbf9b6905 h4,#wpv-column-f9571608b4f10f84fa4a2b9fbf9b6905 h5,#wpv-column-f9571608b4f10f84fa4a2b9fbf9b6905 h6,#wpv-column-f9571608b4f10f84fa4a2b9fbf9b6905 .column-title,#wpv-column-f9571608b4f10f84fa4a2b9fbf9b6905 .sep-text h2.regular-title-wrapper,#wpv-column-f9571608b4f10f84fa4a2b9fbf9b6905 .text-divider-double,#wpv-column-f9571608b4f10f84fa4a2b9fbf9b6905 .sep-text .sep-text-line,#wpv-column-f9571608b4f10f84fa4a2b9fbf9b6905 .sep,#wpv-column-f9571608b4f10f84fa4a2b9fbf9b6905 .sep-2,#wpv-column-f9571608b4f10f84fa4a2b9fbf9b6905 .sep-3,#wpv-column-f9571608b4f10f84fa4a2b9fbf9b6905 td,#wpv-column-f9571608b4f10f84fa4a2b9fbf9b6905 th,#wpv-column-f9571608b4f10f84fa4a2b9fbf9b6905 caption{color:#757575;}#wpv-column-f9571608b4f10f84fa4a2b9fbf9b6905:before{background-color:transparent;}<\/style><div class=\"row \"><div class=\"wpv-grid grid-1-1  first unextended no-extended-padding\" style=\"padding-top:0.05px;padding-bottom:0.05px;\" id=\"wpv-column-1c791954b6cf552f5514fee27c7eb193\" ><h3 style=\"text-align: center;\">Notre vision repose sur la qualit\u00e9 du travail r\u00e9alis\u00e9 et sur la satisfaction client <a href=\"http:\/\/carre-creation.com\/index.php\/contact\/\" target=\"_self\" style='font-size: 14px;' class=\"vamtam-button accent1  button-style-3 hover-accent2 \"><span class='icon shortcode theme  use-hover' style='color:#ffffff;font-size:22px !important;'>&#57524;<\/span><span class=\"btext\" data-text=\"Contactez-nous\">Contactez-nous<\/span><\/a><\/h3><\/div><\/div><\/div><\/div><\/div><\/div><\/div><\/div><\/div><\/div>\n<div class=\"push  wpv-hide-lowres\" style=\"height:40px\"><\/div>\n","protected":false},"excerpt":{"rendered":"<p>L&rsquo;excellent relationnel, la forte disponibilit\u00e9 et la r\u00e9activit\u00e9 des charg\u00e9s d&rsquo;affaires<\/p>\n","protected":false},"author":1,"featured_media":0,"parent":0,"menu_order":0,"comment_status":"closed","ping_status":"closed","template":"","meta":{"om_disable_all_campaigns":false,"_exactmetrics_skip_tracking":false,"_exactmetrics_sitenote_active":false,"_exactmetrics_sitenote_note":"","_exactmetrics_sitenote_category":0,"_monsterinsights_skip_tracking":false,"_monsterinsights_sitenote_active":false,"_monsterinsights_sitenote_note":"","_monsterinsights_sitenote_category":0,"footnotes":""},"aioseo_notices":[],"_links":{"self":[{"href":"https:\/\/carre-creation.com\/index.php\/wp-json\/wp\/v2\/pages\/12012"}],"collection":[{"href":"https:\/\/carre-creation.com\/index.php\/wp-json\/wp\/v2\/pages"}],"about":[{"href":"https:\/\/carre-creation.com\/index.php\/wp-json\/wp\/v2\/types\/page"}],"author":[{"embeddable":true,"href":"https:\/\/carre-creation.com\/index.php\/wp-json\/wp\/v2\/users\/1"}],"replies":[{"embeddable":true,"href":"https:\/\/carre-creation.com\/index.php\/wp-json\/wp\/v2\/comments?post=12012"}],"version-history":[{"count":10,"href":"https:\/\/carre-creation.com\/index.php\/wp-json\/wp\/v2\/pages\/12012\/revisions"}],"predecessor-version":[{"id":12131,"href":"https:\/\/carre-creation.com\/index.php\/wp-json\/wp\/v2\/pages\/12012\/revisions\/12131"}],"wp:attachment":[{"href":"https:\/\/carre-creation.com\/index.php\/wp-json\/wp\/v2\/media?parent=12012"}],"curies":[{"name":"wp","href":"https:\/\/api.w.org\/{rel}","templated":true}]}}