{"id":12014,"date":"2018-12-13T18:12:12","date_gmt":"2018-12-13T17:12:12","guid":{"rendered":"http:\/\/carre-creation.com\/?page_id=12014"},"modified":"2019-03-07T10:28:39","modified_gmt":"2019-03-07T09:28:39","slug":"barrisol","status":"publish","type":"page","link":"https:\/\/carre-creation.com\/index.php\/barrisol\/","title":{"rendered":"Barrisol"},"content":{"rendered":"<div class=\"push \" style=\"height:10px\"><\/div>\n<div class=\"row \"><div class=\"wpv-grid grid-1-1  wpv-first-level parallax-bg first extended has-extended-padding\" style=\"padding-top:25px;padding-bottom:5px;\" id=\"wpv-column-a35b4077fadaee0cdd881a255ae1cdcd\"  data-parallax-method=\"to-centre\" data-parallax-inertia=\"-0.2\"><div class=\"limit-wrapper\"><div class=\"extended-column-inner\"><div class=\"row \"><div class=\"wpv-grid grid-1-1  first unextended has-extended-padding\" style=\"padding-top:20px;padding-bottom:0.05px;\" id=\"wpv-column-5257546061d0bcc2c9e2ceb91c4b98ac\" ><div class=\"row \"><div class=\"wpv-grid grid-1-1  first unextended animation-fade-in animated-active no-extended-padding\" style=\"padding-top:0.05px;padding-bottom:0.05px;\" id=\"wpv-column-26c331fde33d1ce9ac38b33274849406\" ><h2 style=\"text-align: center;\">Voyez plus grand pour vos\u00a0<strong><span style=\"color: #c31b30;\">[<\/span>\u00a0]\u00a0PLAFONDS TENDUS.<\/strong><\/h2>\n<p style=\"text-align: center;\"><strong><span style=\"color: #c31b30;\">[<\/span>\u00a0<\/strong><strong>]\u00a0CARRE CREATION<\/strong> vous propose toutes les solutions en neuf et en r\u00e9novation pour vos <strong><span style=\"color: #c31b30;\">[<\/span>\u00a0<\/strong><strong>] PLAFONDS TENDUS<\/strong>.<\/p>\n<p>Notre forte technicit\u00e9 nous permet de vous garantir un r\u00e9sultat \u00e0 la hauteur de vos attentes, avec conseil et respects des d\u00e9lais. Nos 20 ann\u00e9es d\u2019exp\u00e9rience cumul\u00e9e nous permettent de vous accompagner dans le choix du bon produit et de sa mise en oeuvre optimale pour r\u00e9pondre \u00e0 vos attentes, besoins ou envies.<\/p>\n<p style=\"text-align: justify;\"><strong><span style=\"color: #c31b30;\">[<\/span>\u00a0<\/strong><strong>]\u00a0Saviez-vous que CARR\u00c9 CR\u00c9ATION est un <a href=\"https:\/\/barrisol.com\/fr\" target=\"_blank\" rel=\"noopener\">installateur agr\u00e9\u00e9 des plafonds tendus BARRISOL<\/a> dans le Rh\u00f4ne ?<\/strong><\/p>\n<p style=\"text-align: justify;\">Leader mondial install\u00e9 pr\u00e8s de Mulhouse, BARRISOL, initialement connu pour ses toiles tendues, apporte des solutions en acoustique, en thermique et en \u00e9clairage, que ce soit au mur ou au plafond. Contactez-nous pour vos diff\u00e9rents projets, nous saurons vous accompagner !<\/p>\n<div class=\"push \" style=\"height:40px\"><\/div><\/div><\/div>\n<div class=\"row \"><div class=\"wpv-grid grid-1-1  first unextended animation-fade-in animated-active no-extended-padding\" style=\"padding-top:0.05px;padding-bottom:0.05px;\" id=\"wpv-column-31a9cc71b0cb9561277be9368f747e8b\" ><span class='dropcap1 '>PLAFONDS<\/span>\n<p style=\"text-align: justify;\"><strong><span style=\"color: #c31b30;\">[<\/span>\u00a0<\/strong><strong>] Plafonds (dont lumineux). plafonds acoustiques, imprim\u00e9s et climatisants.<\/strong><\/div><\/div>\n<div class=\"row \"><div class=\"wpv-grid grid-1-3  first unextended animation-from-bottom animated-active no-extended-padding\" style=\"padding-top:0.05px;padding-bottom:0.05px;\" id=\"wpv-column-e9f58b4a42d1acbfb481a875ece10802\" ><p><img loading=\"lazy\" decoding=\"async\" class=\"alignnone size-full wp-image-12089\" src=\"http:\/\/carre-creation.com\/wp-content\/uploads\/2019\/03\/MAT-2.jpg\" alt=\"\" width=\"555\" height=\"362\" srcset=\"https:\/\/carre-creation.com\/wp-content\/uploads\/2019\/03\/MAT-2.jpg 555w, https:\/\/carre-creation.com\/wp-content\/uploads\/2019\/03\/MAT-2-300x196.jpg 300w, https:\/\/carre-creation.com\/wp-content\/uploads\/2019\/03\/MAT-2-360x235.jpg 360w, https:\/\/carre-creation.com\/wp-content\/uploads\/2019\/03\/MAT-2-262x171.jpg 262w\" sizes=\"(max-width: 555px) 100vw, 555px\" \/><\/div>\n<div class=\"wpv-grid grid-1-3  unextended animation-from-bottom animated-active no-extended-padding\" style=\"padding-top:0.05px;padding-bottom:0.05px;\" id=\"wpv-column-d279ec81bd021d78d6528bd383aa714d\" ><p><img loading=\"lazy\" decoding=\"async\" class=\"alignnone size-full wp-image-12081\" src=\"http:\/\/carre-creation.com\/wp-content\/uploads\/2019\/03\/MAT-1.jpg\" alt=\"\" width=\"555\" height=\"362\" srcset=\"https:\/\/carre-creation.com\/wp-content\/uploads\/2019\/03\/MAT-1.jpg 555w, https:\/\/carre-creation.com\/wp-content\/uploads\/2019\/03\/MAT-1-300x196.jpg 300w, https:\/\/carre-creation.com\/wp-content\/uploads\/2019\/03\/MAT-1-360x235.jpg 360w, https:\/\/carre-creation.com\/wp-content\/uploads\/2019\/03\/MAT-1-262x171.jpg 262w\" sizes=\"(max-width: 555px) 100vw, 555px\" \/><\/div>\n<div class=\"wpv-grid grid-1-3  unextended animation-from-bottom animated-active no-extended-padding\" style=\"padding-top:0.05px;padding-bottom:0.05px;\" id=\"wpv-column-28c25573111aef39df6d0eaae025bf8b\" ><p><img loading=\"lazy\" decoding=\"async\" class=\"alignnone size-full wp-image-12091\" src=\"http:\/\/carre-creation.com\/wp-content\/uploads\/2019\/03\/Carre-creation-plafond-tendu-1.jpg\" alt=\"\" width=\"555\" height=\"362\" srcset=\"https:\/\/carre-creation.com\/wp-content\/uploads\/2019\/03\/Carre-creation-plafond-tendu-1.jpg 555w, https:\/\/carre-creation.com\/wp-content\/uploads\/2019\/03\/Carre-creation-plafond-tendu-1-300x196.jpg 300w, https:\/\/carre-creation.com\/wp-content\/uploads\/2019\/03\/Carre-creation-plafond-tendu-1-360x235.jpg 360w, https:\/\/carre-creation.com\/wp-content\/uploads\/2019\/03\/Carre-creation-plafond-tendu-1-262x171.jpg 262w\" sizes=\"(max-width: 555px) 100vw, 555px\" \/><\/div><\/div>\n<div class=\"push  wpv-hide-lowres\" style=\"height:40px\"><\/div>\n<div class=\"row \"><div class=\"wpv-grid grid-1-1  first unextended animation-fade-in animated-active no-extended-padding\" style=\"padding-top:0.05px;padding-bottom:0.05px;\" id=\"wpv-column-99fbb4c63ca7a20db5792b829ff9ed6d\" ><span class='dropcap1 '>CADRES ACOUSTIQUES<\/span>\n<p style=\"text-align: justify;\"><strong><span style=\"color: #c31b30;\">[<\/span>\u00a0]\u00a0Cadres Acoustiques ARCOLIS :<\/strong> imprim\u00e9s, en mur ou plafond.<\/div><\/div>\n<div class=\"row \"><div class=\"wpv-grid grid-1-3  first unextended animation-from-bottom animated-active no-extended-padding\" style=\"padding-top:0.05px;padding-bottom:0.05px;\" id=\"wpv-column-fcc5254bfd27ffac8b06173e52d303ab\" ><p><img loading=\"lazy\" decoding=\"async\" class=\"alignnone size-full wp-image-12095\" src=\"http:\/\/carre-creation.com\/wp-content\/uploads\/2019\/03\/ARCOLIS-4.png\" alt=\"\" width=\"1110\" height=\"724\" srcset=\"https:\/\/carre-creation.com\/wp-content\/uploads\/2019\/03\/ARCOLIS-4.png 1110w, https:\/\/carre-creation.com\/wp-content\/uploads\/2019\/03\/ARCOLIS-4-300x196.png 300w, https:\/\/carre-creation.com\/wp-content\/uploads\/2019\/03\/ARCOLIS-4-768x501.png 768w, https:\/\/carre-creation.com\/wp-content\/uploads\/2019\/03\/ARCOLIS-4-1024x668.png 1024w, https:\/\/carre-creation.com\/wp-content\/uploads\/2019\/03\/ARCOLIS-4-800x522.png 800w, https:\/\/carre-creation.com\/wp-content\/uploads\/2019\/03\/ARCOLIS-4-555x362.png 555w, https:\/\/carre-creation.com\/wp-content\/uploads\/2019\/03\/ARCOLIS-4-360x235.png 360w, https:\/\/carre-creation.com\/wp-content\/uploads\/2019\/03\/ARCOLIS-4-262x171.png 262w\" sizes=\"(max-width: 1110px) 100vw, 1110px\" \/><\/div>\n<div class=\"wpv-grid grid-1-3  unextended animation-from-bottom animated-active no-extended-padding\" style=\"padding-top:0.05px;padding-bottom:0.05px;\" id=\"wpv-column-43e32f6ba607e4ddcef67fcccc6b1283\" ><p><img loading=\"lazy\" decoding=\"async\" class=\"alignnone size-full wp-image-12096\" src=\"http:\/\/carre-creation.com\/wp-content\/uploads\/2019\/03\/ARCOLIS-3.png\" alt=\"\" width=\"1110\" height=\"724\" srcset=\"https:\/\/carre-creation.com\/wp-content\/uploads\/2019\/03\/ARCOLIS-3.png 1110w, https:\/\/carre-creation.com\/wp-content\/uploads\/2019\/03\/ARCOLIS-3-300x196.png 300w, https:\/\/carre-creation.com\/wp-content\/uploads\/2019\/03\/ARCOLIS-3-768x501.png 768w, https:\/\/carre-creation.com\/wp-content\/uploads\/2019\/03\/ARCOLIS-3-1024x668.png 1024w, https:\/\/carre-creation.com\/wp-content\/uploads\/2019\/03\/ARCOLIS-3-800x522.png 800w, https:\/\/carre-creation.com\/wp-content\/uploads\/2019\/03\/ARCOLIS-3-555x362.png 555w, https:\/\/carre-creation.com\/wp-content\/uploads\/2019\/03\/ARCOLIS-3-360x235.png 360w, https:\/\/carre-creation.com\/wp-content\/uploads\/2019\/03\/ARCOLIS-3-262x171.png 262w\" sizes=\"(max-width: 1110px) 100vw, 1110px\" \/><\/div>\n<div class=\"wpv-grid grid-1-3  unextended animation-from-bottom animated-active no-extended-padding\" style=\"padding-top:0.05px;padding-bottom:0.05px;\" id=\"wpv-column-2422a5b59cad6f990276a05da6f71fb1\" ><p><img loading=\"lazy\" decoding=\"async\" class=\"alignnone size-full wp-image-12084\" src=\"http:\/\/carre-creation.com\/wp-content\/uploads\/2019\/03\/ARCOLIS-1.jpg\" alt=\"\" width=\"555\" height=\"362\" srcset=\"https:\/\/carre-creation.com\/wp-content\/uploads\/2019\/03\/ARCOLIS-1.jpg 555w, https:\/\/carre-creation.com\/wp-content\/uploads\/2019\/03\/ARCOLIS-1-300x196.jpg 300w, https:\/\/carre-creation.com\/wp-content\/uploads\/2019\/03\/ARCOLIS-1-360x235.jpg 360w, https:\/\/carre-creation.com\/wp-content\/uploads\/2019\/03\/ARCOLIS-1-262x171.jpg 262w\" sizes=\"(max-width: 555px) 100vw, 555px\" \/><\/div><\/div>\n<div class=\"push  wpv-hide-lowres\" style=\"height:40px\"><\/div>\n<div class=\"row \"><div class=\"wpv-grid grid-1-1  first unextended animation-fade-in animated-active no-extended-padding\" style=\"padding-top:0.05px;padding-bottom:0.05px;\" id=\"wpv-column-cf88d9d3a9edca708f5832ecc5e56ffd\" ><span class='dropcap1 '>MURS IMPRIM\u00c9S<\/span>\n<p style=\"text-align: justify;\"><strong><span style=\"color: #c31b30;\">[<\/span>\u00a0] Murs imprim\u00e9s\u00a0ARTOLIS\u00a0: <\/strong>toiles textiles unies, imprim\u00e9es, et acoustiques.<\/div><\/div>\n<div class=\"row \"><div class=\"wpv-grid grid-1-3  first unextended animation-from-bottom animated-active no-extended-padding\" style=\"padding-top:0.05px;padding-bottom:0.05px;\" id=\"wpv-column-5a9702cb1bd9e333e7fdadcdddaab653\" ><p><img loading=\"lazy\" decoding=\"async\" class=\"alignnone size-full wp-image-12082\" src=\"http:\/\/carre-creation.com\/wp-content\/uploads\/2019\/03\/ARTOLIS-1.jpg\" alt=\"\" width=\"555\" height=\"362\" srcset=\"https:\/\/carre-creation.com\/wp-content\/uploads\/2019\/03\/ARTOLIS-1.jpg 555w, https:\/\/carre-creation.com\/wp-content\/uploads\/2019\/03\/ARTOLIS-1-300x196.jpg 300w, https:\/\/carre-creation.com\/wp-content\/uploads\/2019\/03\/ARTOLIS-1-360x235.jpg 360w, https:\/\/carre-creation.com\/wp-content\/uploads\/2019\/03\/ARTOLIS-1-262x171.jpg 262w\" sizes=\"(max-width: 555px) 100vw, 555px\" \/><\/div>\n<div class=\"wpv-grid grid-1-3  unextended animation-from-bottom animated-active no-extended-padding\" style=\"padding-top:0.05px;padding-bottom:0.05px;\" id=\"wpv-column-3990024a7ac25ba7f3f29001e35d016e\" ><p><img loading=\"lazy\" decoding=\"async\" class=\"alignnone size-full wp-image-12099\" src=\"http:\/\/carre-creation.com\/wp-content\/uploads\/2019\/03\/ARTOLIS-2.jpg\" alt=\"\" width=\"1001\" height=\"667\" srcset=\"https:\/\/carre-creation.com\/wp-content\/uploads\/2019\/03\/ARTOLIS-2.jpg 1001w, https:\/\/carre-creation.com\/wp-content\/uploads\/2019\/03\/ARTOLIS-2-300x200.jpg 300w, https:\/\/carre-creation.com\/wp-content\/uploads\/2019\/03\/ARTOLIS-2-768x512.jpg 768w, https:\/\/carre-creation.com\/wp-content\/uploads\/2019\/03\/ARTOLIS-2-800x533.jpg 800w, https:\/\/carre-creation.com\/wp-content\/uploads\/2019\/03\/ARTOLIS-2-555x370.jpg 555w, https:\/\/carre-creation.com\/wp-content\/uploads\/2019\/03\/ARTOLIS-2-360x240.jpg 360w, https:\/\/carre-creation.com\/wp-content\/uploads\/2019\/03\/ARTOLIS-2-262x175.jpg 262w\" sizes=\"(max-width: 1001px) 100vw, 1001px\" \/><\/div>\n<div class=\"wpv-grid grid-1-3  unextended animation-from-bottom animated-active no-extended-padding\" style=\"padding-top:0.05px;padding-bottom:0.05px;\" id=\"wpv-column-6f27b5b72bbb58729d245f81de9a3425\" ><p><img loading=\"lazy\" decoding=\"async\" class=\"alignnone size-full wp-image-12100\" src=\"http:\/\/carre-creation.com\/wp-content\/uploads\/2019\/03\/ARTOLIS-3.jpg\" alt=\"\" width=\"1007\" height=\"667\" srcset=\"https:\/\/carre-creation.com\/wp-content\/uploads\/2019\/03\/ARTOLIS-3.jpg 1007w, https:\/\/carre-creation.com\/wp-content\/uploads\/2019\/03\/ARTOLIS-3-300x199.jpg 300w, https:\/\/carre-creation.com\/wp-content\/uploads\/2019\/03\/ARTOLIS-3-768x509.jpg 768w, https:\/\/carre-creation.com\/wp-content\/uploads\/2019\/03\/ARTOLIS-3-800x530.jpg 800w, https:\/\/carre-creation.com\/wp-content\/uploads\/2019\/03\/ARTOLIS-3-555x368.jpg 555w, https:\/\/carre-creation.com\/wp-content\/uploads\/2019\/03\/ARTOLIS-3-360x238.jpg 360w, https:\/\/carre-creation.com\/wp-content\/uploads\/2019\/03\/ARTOLIS-3-262x174.jpg 262w\" sizes=\"(max-width: 1007px) 100vw, 1007px\" \/><\/div><\/div>\n<div class=\"push  wpv-hide-lowres\" style=\"height:40px\"><\/div>\n<div class=\"row \"><div class=\"wpv-grid grid-1-1  first unextended animation-fade-in animated-active no-extended-padding\" style=\"padding-top:0.05px;padding-bottom:0.05px;\" id=\"wpv-column-df44fd6ecbfdb08b528e52edfad77d81\" ><span class='dropcap1 '>VIP<\/span>\n<p style=\"text-align: justify;\"><strong><span style=\"color: #c31b30;\">Varions vos envies.<\/span><\/strong> Comptez sur nous pour cr\u00e9er avec vous l\u2019effet waouh !<\/p>\n<p style=\"text-align: justify;\"><strong><span style=\"color: #c31b30;\">[<\/span>\u00a0<\/strong><strong>]\u00a0<\/strong>D\u00e9couvrir \u201cCARRE VIP\u201d<\/div><\/div>\n<div class=\"row \"><div class=\"wpv-grid grid-1-3  first unextended animation-from-bottom animated-active no-extended-padding\" style=\"padding-top:0.05px;padding-bottom:0.05px;\" id=\"wpv-column-a7f198a960806e6e70eda2c77d96559e\" ><p><img loading=\"lazy\" decoding=\"async\" class=\"alignnone size-full wp-image-12098\" src=\"http:\/\/carre-creation.com\/wp-content\/uploads\/2019\/03\/Carre-creation-imprime.png\" alt=\"\" width=\"1110\" height=\"722\" srcset=\"https:\/\/carre-creation.com\/wp-content\/uploads\/2019\/03\/Carre-creation-imprime.png 1110w, https:\/\/carre-creation.com\/wp-content\/uploads\/2019\/03\/Carre-creation-imprime-300x195.png 300w, https:\/\/carre-creation.com\/wp-content\/uploads\/2019\/03\/Carre-creation-imprime-768x500.png 768w, https:\/\/carre-creation.com\/wp-content\/uploads\/2019\/03\/Carre-creation-imprime-1024x666.png 1024w, https:\/\/carre-creation.com\/wp-content\/uploads\/2019\/03\/Carre-creation-imprime-800x520.png 800w, https:\/\/carre-creation.com\/wp-content\/uploads\/2019\/03\/Carre-creation-imprime-555x361.png 555w, https:\/\/carre-creation.com\/wp-content\/uploads\/2019\/03\/Carre-creation-imprime-360x234.png 360w, https:\/\/carre-creation.com\/wp-content\/uploads\/2019\/03\/Carre-creation-imprime-262x170.png 262w\" sizes=\"(max-width: 1110px) 100vw, 1110px\" \/><\/div>\n<div class=\"wpv-grid grid-1-3  unextended animation-from-bottom animated-active no-extended-padding\" style=\"padding-top:0.05px;padding-bottom:0.05px;\" id=\"wpv-column-87abc50b9505f005e7256d4aafcd72b2\" ><p><img loading=\"lazy\" decoding=\"async\" class=\"alignnone size-full wp-image-12094\" src=\"http:\/\/carre-creation.com\/wp-content\/uploads\/2019\/03\/ARCOLIS-2.jpg\" alt=\"\" width=\"555\" height=\"362\" srcset=\"https:\/\/carre-creation.com\/wp-content\/uploads\/2019\/03\/ARCOLIS-2.jpg 555w, https:\/\/carre-creation.com\/wp-content\/uploads\/2019\/03\/ARCOLIS-2-300x196.jpg 300w, https:\/\/carre-creation.com\/wp-content\/uploads\/2019\/03\/ARCOLIS-2-360x235.jpg 360w, https:\/\/carre-creation.com\/wp-content\/uploads\/2019\/03\/ARCOLIS-2-262x171.jpg 262w\" sizes=\"(max-width: 555px) 100vw, 555px\" \/><\/div>\n<div class=\"wpv-grid grid-1-3  unextended animation-from-bottom animated-active no-extended-padding\" style=\"padding-top:0.05px;padding-bottom:0.05px;\" id=\"wpv-column-d490231da4e1ee761efd67c83ec32b27\" ><p><img loading=\"lazy\" decoding=\"async\" class=\"alignnone size-full wp-image-12097\" src=\"http:\/\/carre-creation.com\/wp-content\/uploads\/2019\/03\/Carrre-creation-fibre.jpg\" alt=\"\" width=\"555\" height=\"362\" srcset=\"https:\/\/carre-creation.com\/wp-content\/uploads\/2019\/03\/Carrre-creation-fibre.jpg 555w, https:\/\/carre-creation.com\/wp-content\/uploads\/2019\/03\/Carrre-creation-fibre-300x196.jpg 300w, https:\/\/carre-creation.com\/wp-content\/uploads\/2019\/03\/Carrre-creation-fibre-360x235.jpg 360w, https:\/\/carre-creation.com\/wp-content\/uploads\/2019\/03\/Carrre-creation-fibre-262x171.jpg 262w\" sizes=\"(max-width: 555px) 100vw, 555px\" \/><\/div><\/div>\n<div class=\"row \"><div class=\"wpv-grid grid-1-1 add-border first unextended animation-fade-in animated-active has-extended-padding\" style=\"padding-top:30px;padding-bottom:20px;\" id=\"wpv-column-b53f52adab90bce4ed271df3210b04c4\" ><div class=\"push  wpv-hide-lowres\" style=\"height:40px\"><\/div>\n<div class=\"row \"><div class=\"wpv-grid grid-1-1  first unextended no-extended-padding\" style=\"padding-top:0.05px;padding-bottom:0.05px;\" id=\"wpv-column-51ac0460588829e241cc7b696002633e\" ><span class='icon shortcode theme  use-hover' style='color:#C31B30;font-size:32px !important;'>&#57473;<\/span><\/div><\/div>\n<div class=\"row \"><div class=\"wpv-grid grid-1-1  first unextended no-extended-padding\" style=\"padding-top:0.05px;padding-bottom:0.05px;\" id=\"wpv-column-0d6dd0ca7b00044deabf76722b2e7c58\" >\t<div class=\"bxslider-wrapper blockquote-slider\">\n\t\t<ul class=\"bxslider-container\" id=\"5e1502ddda9abfd38a7cd8593d140d7c\">\n\t\t\t\t\t\t\t<li>\n\t\t\t\t\t\t\t\t\t\t\t<blockquote class='clearfix small simple post-7587 testimonials type-testimonials status-publish hentry testimonials_category-slider-no-photo'><h3 class=\"quote-summary\">\"Le chantier s\u2019est d\u00e9roul\u00e9 comme nous l\u2019avions convenu, et le r\u00e9sultat est superbe !\"<\/h3><div class=\"quote-title-wrapper clearfix\"><div class='quote-title'><span class='icon shortcode   use-hover' style='color:#F8DF04;'>&#57864;<\/span><span class='icon shortcode   use-hover' style='color:#F8DF04;'>&#57864;<\/span><span class='icon shortcode   use-hover' style='color:#F8DF04;'>&#57864;<\/span><span class='icon shortcode   use-hover' style='color:#F8DF04;'>&#57864;<\/span><span class='icon shortcode   use-hover' style='color:#F8DF04;'>&#57864;<\/span> &mdash; <span class='the-title'>Arnaud L. (Architecte)<\/span><\/div><\/div><div class='quote-text'><div class=\"quote-content\">Le professionnalisme , la r\u00e9activit\u00e9 et la force de propositions. Entreprise tr\u00e8s s\u00e9rieuse capable de r\u00e9pondre ou solutionner rapidement les probl\u00e8mes techniques ou de planning de chantier<\/div><\/div><\/blockquote>\t\t\t\t\t\t\t\t\t<\/li>\n\t\t\t\t\t\t\t<li>\n\t\t\t\t\t\t\t\t\t\t\t<blockquote class='clearfix small simple post-9665 testimonials type-testimonials status-publish hentry testimonials_category-slider-no-photo'><h3 class=\"quote-summary\">\"Le r\u00e9sultat est au-dessus de nos attentes !\"<\/h3><div class=\"quote-title-wrapper clearfix\"><div class='quote-title'><span class='icon shortcode   use-hover' style='color:#F8DF04;'>&#57864;<\/span><span class='icon shortcode   use-hover' style='color:#F8DF04;'>&#57864;<\/span><span class='icon shortcode   use-hover' style='color:#F8DF04;'>&#57864;<\/span><span class='icon shortcode   use-hover' style='color:#F8DF04;'>&#57864;<\/span><span class='icon shortcode   use-hover' style='color:#F8DF04;'>&#57864;<\/span> &mdash; <span class='the-title'>C\u00e9dric T. (Architecte)<\/span><\/div><\/div><div class='quote-text'><div class=\"quote-content\">L'excellent relationnel, la forte disponibilit\u00e9 et la r\u00e9activit\u00e9 des charg\u00e9s d'affaires<\/div><\/div><\/blockquote>\t\t\t\t\t\t\t\t\t<\/li>\n\t\t\t\t\t<\/ul>\n\t\t<script>\n\t\t\tjQuery(function($) {\n\t\t\t\tvar el = $('#5e1502ddda9abfd38a7cd8593d140d7c');\n\t\t\t\tel.data('bxslider', el.bxSlider({\n\t\t\t\t\tpager: true,\n\t\t\t\t\tcontrols: false,\n\t\t\t\t\tauto: true,\n\t\t\t\t\tpause: 7000,\n\t\t\t\t\tautoHover: true,\n\t\t\t\t\tadaptiveHeight: false\t\t\t\t}));\n\t\t\t});\n\t\t<\/script>\n\t<\/div>\n\n<\/div><\/div><\/div><\/div><\/div><\/div>\n<div class=\"push  wpv-hide-lowres\" style=\"height:40px\"><\/div>\n<div class=\"row \"><div class=\"wpv-grid grid-1-1  first has-background extended animation-from-bottom animated-active has-extended-padding\" style=\"background-color:#F4F4F4;padding-top:40px;padding-bottom:40px;\" id=\"wpv-column-4256c8c80dd37d5b192290f25391d74a\" ><div class=\"limit-wrapper\"><div class=\"extended-column-inner\"><style>#wpv-column-4256c8c80dd37d5b192290f25391d74a p,#wpv-column-4256c8c80dd37d5b192290f25391d74a em,#wpv-column-4256c8c80dd37d5b192290f25391d74a h1,#wpv-column-4256c8c80dd37d5b192290f25391d74a h2,#wpv-column-4256c8c80dd37d5b192290f25391d74a h3,#wpv-column-4256c8c80dd37d5b192290f25391d74a h4,#wpv-column-4256c8c80dd37d5b192290f25391d74a h5,#wpv-column-4256c8c80dd37d5b192290f25391d74a h6,#wpv-column-4256c8c80dd37d5b192290f25391d74a .column-title,#wpv-column-4256c8c80dd37d5b192290f25391d74a .sep-text h2.regular-title-wrapper,#wpv-column-4256c8c80dd37d5b192290f25391d74a .text-divider-double,#wpv-column-4256c8c80dd37d5b192290f25391d74a .sep-text .sep-text-line,#wpv-column-4256c8c80dd37d5b192290f25391d74a .sep,#wpv-column-4256c8c80dd37d5b192290f25391d74a .sep-2,#wpv-column-4256c8c80dd37d5b192290f25391d74a .sep-3,#wpv-column-4256c8c80dd37d5b192290f25391d74a td,#wpv-column-4256c8c80dd37d5b192290f25391d74a th,#wpv-column-4256c8c80dd37d5b192290f25391d74a caption{color:#757575;}#wpv-column-4256c8c80dd37d5b192290f25391d74a:before{background-color:transparent;}<\/style><div class=\"row \"><div class=\"wpv-grid grid-1-1  first unextended no-extended-padding\" style=\"padding-top:0.05px;padding-bottom:0.05px;\" id=\"wpv-column-c9bea63edcbd574037760248350d5a09\" ><h3 style=\"text-align: center;\">Notre vision repose sur la qualit\u00e9 du travail r\u00e9alis\u00e9 et sur la satisfaction client <a href=\"http:\/\/carre-creation.com\/index.php\/contact\/\" target=\"_self\" style='font-size: 14px;' class=\"vamtam-button accent1  button-style-3 hover-accent2 \"><span class='icon shortcode theme  use-hover' style='color:#ffffff;font-size:22px !important;'>&#57524;<\/span><span class=\"btext\" data-text=\"Contactez-nous\">Contactez-nous<\/span><\/a><\/h3><\/div><\/div><\/div><\/div><\/div><\/div><\/div><\/div><\/div><\/div>\n<div class=\"push  wpv-hide-lowres\" style=\"height:40px\"><\/div>\n","protected":false},"excerpt":{"rendered":"<p>L&rsquo;excellent relationnel, la forte disponibilit\u00e9 et la r\u00e9activit\u00e9 des charg\u00e9s d&rsquo;affaires<\/p>\n","protected":false},"author":1,"featured_media":0,"parent":0,"menu_order":0,"comment_status":"closed","ping_status":"closed","template":"","meta":{"om_disable_all_campaigns":false,"_exactmetrics_skip_tracking":false,"_exactmetrics_sitenote_active":false,"_exactmetrics_sitenote_note":"","_exactmetrics_sitenote_category":0,"_monsterinsights_skip_tracking":false,"_monsterinsights_sitenote_active":false,"_monsterinsights_sitenote_note":"","_monsterinsights_sitenote_category":0,"footnotes":""},"aioseo_notices":[],"_links":{"self":[{"href":"https:\/\/carre-creation.com\/index.php\/wp-json\/wp\/v2\/pages\/12014"}],"collection":[{"href":"https:\/\/carre-creation.com\/index.php\/wp-json\/wp\/v2\/pages"}],"about":[{"href":"https:\/\/carre-creation.com\/index.php\/wp-json\/wp\/v2\/types\/page"}],"author":[{"embeddable":true,"href":"https:\/\/carre-creation.com\/index.php\/wp-json\/wp\/v2\/users\/1"}],"replies":[{"embeddable":true,"href":"https:\/\/carre-creation.com\/index.php\/wp-json\/wp\/v2\/comments?post=12014"}],"version-history":[{"count":15,"href":"https:\/\/carre-creation.com\/index.php\/wp-json\/wp\/v2\/pages\/12014\/revisions"}],"predecessor-version":[{"id":12130,"href":"https:\/\/carre-creation.com\/index.php\/wp-json\/wp\/v2\/pages\/12014\/revisions\/12130"}],"wp:attachment":[{"href":"https:\/\/carre-creation.com\/index.php\/wp-json\/wp\/v2\/media?parent=12014"}],"curies":[{"name":"wp","href":"https:\/\/api.w.org\/{rel}","templated":true}]}}