{"id":7778,"date":"2014-04-23T10:38:38","date_gmt":"2014-04-23T10:38:38","guid":{"rendered":"https:\/\/construction.vamtam.com\/?page_id=7778"},"modified":"2024-01-19T09:33:52","modified_gmt":"2024-01-19T08:33:52","slug":"sols","status":"publish","type":"page","link":"https:\/\/carre-creation.com\/index.php\/sols\/","title":{"rendered":"Sols"},"content":{"rendered":"<div class=\"push \" style=\"height:10px\"><\/div>\n<div class=\"row \"><div class=\"wpv-grid grid-1-1  wpv-first-level parallax-bg first extended has-extended-padding\" style=\"padding-top:25px;padding-bottom:5px;\" id=\"wpv-column-c4f724f57cd9baa4ed54fc83e007db88\"  data-parallax-method=\"to-centre\" data-parallax-inertia=\"-0.2\"><div class=\"limit-wrapper\"><div class=\"extended-column-inner\"><div class=\"row \"><div class=\"wpv-grid grid-1-1  first unextended has-extended-padding\" style=\"padding-top:20px;padding-bottom:0.05px;\" id=\"wpv-column-68a821408bf6803eec35ae4318ff0340\" ><div class=\"row \"><div class=\"wpv-grid grid-1-1  first unextended animation-fade-in animated-active no-extended-padding\" style=\"padding-top:0.05px;padding-bottom:0.05px;\" id=\"wpv-column-988be44091c58fd6f336627464d06fb5\" ><h2 style=\"text-align: center;\"><strong><span style=\"color: #c31b30;\">[<\/span>\u00a0<\/strong>Marchons Ensemble\u00a0<strong>]\u00a0<\/strong><\/h2>\n<p style=\"text-align: center;\"><strong><span style=\"color: #c31b30;\">[<\/span>\u00a0<\/strong><strong>]\u00a0CARRE CREATION<\/strong> vous propose toutes les solutions en neuf et en r\u00e9novation pour vos <strong><span style=\"color: #c31b30;\">[<\/span>\u00a0<\/strong><strong>]\u00a0<\/strong><strong>\u00a0SOLS<\/strong>.<\/p>\n<p style=\"text-align: center;\">Notre forte technicit\u00e9 nous permet de vous garantir un r\u00e9sultat \u00e0 la hauteur de vos attentes, avec conseil et respect des d\u00e9lais. Nos 20 ann\u00e9es d\u2019exp\u00e9rience cumul\u00e9e nous permettent de vous accompagner dans le choix du bon produit et de sa mise en oeuvre optimale pour r\u00e9pondre \u00e0 vos attentes, besoins ou envies.<\/p>\n<div class=\"push \" style=\"height:40px\"><\/div><\/div><\/div>\n<div class=\"row \"><div class=\"wpv-grid grid-1-2  first unextended animation-from-bottom animated-active no-extended-padding\" style=\"padding-top:0.05px;padding-bottom:0.05px;\" id=\"wpv-column-fe1d71f486686a462e2d5b2f81742f34\" ><p><img loading=\"lazy\" decoding=\"async\" class=\"alignnone wp-image-12234 size-full\" src=\"http:\/\/carre-creation.com\/wp-content\/uploads\/2024\/01\/Souple-1.jpg\" alt=\"\" width=\"555\" height=\"362\" srcset=\"https:\/\/carre-creation.com\/wp-content\/uploads\/2024\/01\/Souple-1.jpg 555w, https:\/\/carre-creation.com\/wp-content\/uploads\/2024\/01\/Souple-1-300x196.jpg 300w, https:\/\/carre-creation.com\/wp-content\/uploads\/2024\/01\/Souple-1-360x235.jpg 360w, https:\/\/carre-creation.com\/wp-content\/uploads\/2024\/01\/Souple-1-262x171.jpg 262w\" sizes=\"(max-width: 555px) 100vw, 555px\" \/><span class='dropcap1 '>SOUPLE<\/span>\n<p style=\"text-align: justify;\">Marchons ensemble\u00a0sur du <span style=\"color: #c31b30;\"><strong>sol souple<\/strong><\/span>. <strong>Selon le projet, nous pouvons vous proposer tous les mat\u00e9riaux :<\/strong> PVC caoutchouc, linol\u00e9um, moquette (format l\u00e9, dalles, lames LVT), sol antid\u00e9rapant, gazon synth\u00e9tique, moquette de stand.<\/p>\n<p style=\"text-align: justify;\"><strong><span style=\"color: #c31b30;\">[<\/span>\u00a0<\/strong><strong>]\u00a0<\/strong>D\u00e9couvrir \u201cCARRE CARE, l&rsquo;entretien de vos sols\u201c.<\/p>\n<p style=\"text-align: justify;\">Nous adapterons au cahier des charges le mode de pose le plus adapt\u00e9 : remont\u00e9es en plinthes, douches int\u00e9grales, escaliers, mise en conformit\u00e9 acc\u00e8s PMR.<\/div>\n<div class=\"wpv-grid grid-1-2  unextended animation-from-bottom animated-active no-extended-padding\" style=\"padding-top:0.05px;padding-bottom:0.05px;\" id=\"wpv-column-02228d547a0526bf25219363b62ebfba\" ><p><img loading=\"lazy\" decoding=\"async\" class=\"alignnone wp-image-12232 size-full\" src=\"http:\/\/carre-creation.com\/wp-content\/uploads\/2024\/01\/Parquet-1.jpg\" alt=\"\" width=\"555\" height=\"362\" srcset=\"https:\/\/carre-creation.com\/wp-content\/uploads\/2024\/01\/Parquet-1.jpg 555w, https:\/\/carre-creation.com\/wp-content\/uploads\/2024\/01\/Parquet-1-300x196.jpg 300w, https:\/\/carre-creation.com\/wp-content\/uploads\/2024\/01\/Parquet-1-360x235.jpg 360w, https:\/\/carre-creation.com\/wp-content\/uploads\/2024\/01\/Parquet-1-262x171.jpg 262w\" sizes=\"(max-width: 555px) 100vw, 555px\" \/><\/p>\n<span class='dropcap1 '>PARQUET<\/span>\n<p style=\"text-align: justify;\">Marchons ensemble sur du <strong><span style=\"color: #c31b30;\">parquet<\/span><\/strong>. <strong>Selon le projet, nous pouvons vous proposer tous les mat\u00e9riaux :<\/strong> parquet massif, contre coll\u00e9, stratifi\u00e9.<\/p>\n<p style=\"text-align: justify;\"><strong><span style=\"color: #c31b30;\">[<\/span>\u00a0<\/strong><strong>] \u00a0<\/strong>D\u00e9couvrir \u201c<a href=\"http:\/\/carre-creation.com\/index.php\/contact\/\">CARR\u00c9 CARE<\/a>\u00ab\u00a0, l&rsquo;entretien de vos sols.<\/p>\n<p style=\"text-align: justify;\">Nous adapterons au cahier des charges le mode de pose et l\u2019entretien le plus adapt\u00e9 : pose coll\u00e9e, flottante\u00a0; r\u00e9novation, pon\u00e7age, vitrification\u00a0; finitions vernis, cire.<\/div><\/div>\n<div class=\"push  wpv-hide-lowres\" style=\"height:40px\"><\/div>\n<div class=\"row \"><div class=\"wpv-grid grid-1-2  first unextended animation-from-bottom animated-active no-extended-padding\" style=\"padding-top:0.05px;padding-bottom:0.05px;\" id=\"wpv-column-61edf7e83e4f312234d8d360aa5764b9\" ><p><img loading=\"lazy\" decoding=\"async\" class=\"alignnone wp-image-12233 size-full\" src=\"http:\/\/carre-creation.com\/wp-content\/uploads\/2024\/01\/Carrelage-1.jpg\" alt=\"\" width=\"555\" height=\"362\" srcset=\"https:\/\/carre-creation.com\/wp-content\/uploads\/2024\/01\/Carrelage-1.jpg 555w, https:\/\/carre-creation.com\/wp-content\/uploads\/2024\/01\/Carrelage-1-300x196.jpg 300w, https:\/\/carre-creation.com\/wp-content\/uploads\/2024\/01\/Carrelage-1-360x235.jpg 360w, https:\/\/carre-creation.com\/wp-content\/uploads\/2024\/01\/Carrelage-1-262x171.jpg 262w\" sizes=\"(max-width: 555px) 100vw, 555px\" \/><br \/>\n<span class='dropcap1 '>CARRELAGE<\/span>\u00a0Marchons ensemble sur du <strong><span style=\"color: #c31b30;\">carrelage<\/span><\/strong>, \u00a0grands formats (jusqu\u2019\u00e0 120x120cm), gr\u00e8s c\u00e9rame et gr\u00e8s \u00e9maill\u00e9, avec les fa\u00efences assorties aux carrelages.<\/p>\n<p style=\"text-align: justify;\"><strong>Le champ des possibles est vaste\u00a0:<\/strong> pose coll\u00e9e,\u00a0douche \u00e0 l\u2019italienne, \u00a0formes de pente, joints assortis, \u00e9paisseurs et couleurs selon vos envies.<\/p>\n<p style=\"text-align: justify;\"><strong>Nous vous proposerons un large choix d\u2019accessoires\u00a0:<\/strong> baguettes de finition, inserts, incrustations, bondes et siphons.<\/div>\n<div class=\"wpv-grid grid-1-2  unextended animation-from-bottom animated-active no-extended-padding\" style=\"padding-top:0.05px;padding-bottom:0.05px;\" id=\"wpv-column-a2a684bff5fb25bcc64dd38f2a2e6fa0\" ><p><img loading=\"lazy\" decoding=\"async\" class=\"alignnone size-full wp-image-12072\" src=\"http:\/\/carre-creation.com\/wp-content\/uploads\/2019\/03\/Carre-creation-carrelage-2.jpg\" alt=\"\" width=\"555\" height=\"362\" srcset=\"https:\/\/carre-creation.com\/wp-content\/uploads\/2019\/03\/Carre-creation-carrelage-2.jpg 555w, https:\/\/carre-creation.com\/wp-content\/uploads\/2019\/03\/Carre-creation-carrelage-2-300x196.jpg 300w, https:\/\/carre-creation.com\/wp-content\/uploads\/2019\/03\/Carre-creation-carrelage-2-360x235.jpg 360w, https:\/\/carre-creation.com\/wp-content\/uploads\/2019\/03\/Carre-creation-carrelage-2-262x171.jpg 262w\" sizes=\"(max-width: 555px) 100vw, 555px\" \/><\/p>\n<span class='dropcap1 '>VIP<\/span>\n<p style=\"text-align: justify;\"><strong><span style=\"color: #c31b30;\">Varions vos envies.<\/span><\/strong> Comptez sur nous pour cr\u00e9er avec vous l\u2019effet waouh :\u00a0PVC 3D, PVC carreaux de ciments, PVC parquets, carrelage imitation parquet, s\u00e9ries limit\u00e9es, Flotex.<\/p>\n<p style=\"text-align: justify;\"><strong><span style=\"color: #c31b30;\">[<\/span>\u00a0<\/strong><strong>]\u00a0<\/strong>D\u00e9couvrir \u201cCARRE VIP\u201d<\/div><\/div>\n<div class=\"push \" style=\"height:30px\"><\/div>\n<div class=\"row \"><div class=\"wpv-grid grid-1-1 add-border first unextended animation-fade-in animated-active has-extended-padding\" style=\"padding-top:30px;padding-bottom:20px;\" id=\"wpv-column-5275d68c7642def66c515d3d11534186\" ><div class=\"row \"><div class=\"wpv-grid grid-1-1  first unextended no-extended-padding\" style=\"padding-top:0.05px;padding-bottom:0.05px;\" id=\"wpv-column-0137195cab4bf1e3228aa800fb4ead7f\" ><span class='icon shortcode theme  use-hover' style='color:#C31B30;font-size:32px !important;'>&#57473;<\/span><\/div><\/div>\n<div class=\"row \"><div class=\"wpv-grid grid-1-1  first unextended no-extended-padding\" style=\"padding-top:0.05px;padding-bottom:0.05px;\" id=\"wpv-column-b323162cbbb139074a2903f77c517bd1\" >\t<div class=\"bxslider-wrapper blockquote-slider\">\n\t\t<ul class=\"bxslider-container\" id=\"238609fe9232d8388eee9805d73257b3\">\n\t\t\t\t\t\t\t<li>\n\t\t\t\t\t\t\t\t\t\t\t<blockquote class='clearfix small simple post-7587 testimonials type-testimonials status-publish hentry testimonials_category-slider-no-photo'><h3 class=\"quote-summary\">\"Le chantier s\u2019est d\u00e9roul\u00e9 comme nous l\u2019avions convenu, et le r\u00e9sultat est superbe !\"<\/h3><div class=\"quote-title-wrapper clearfix\"><div class='quote-title'><span class='icon shortcode   use-hover' style='color:#F8DF04;'>&#57864;<\/span><span class='icon shortcode   use-hover' style='color:#F8DF04;'>&#57864;<\/span><span class='icon shortcode   use-hover' style='color:#F8DF04;'>&#57864;<\/span><span class='icon shortcode   use-hover' style='color:#F8DF04;'>&#57864;<\/span><span class='icon shortcode   use-hover' style='color:#F8DF04;'>&#57864;<\/span> &mdash; <span class='the-title'>Christelle D.<\/span><\/div><\/div><div class='quote-text'><div class=\"quote-content\">&nbsp;\r\n\r\n<strong>Pose de carrelage chez un particulier \u00e0 Saint Cyr au Mont d\u2019Or (69)<\/strong>\r\n\r\n&nbsp;\r\n\r\nJe cherchais une entreprise de confiance pour r\u00e9aliser le projet de carrelage de mon garage. La dalle existante \u00e9tait brute, et je voulais un r\u00e9sultat soign\u00e9 et facile \u00e0 entretenir. Du choix des mat\u00e9riaux (carreaux, joints, seuils, bonde d\u2019\u00e9vacuation) \u00e0 la meilleure fa\u00e7on de poser les carreaux, CARR\u00c9 CR\u00c9ATION a su m\u2019\u00e9couter et m\u2019apporter les meilleures solutions.<\/div><\/div><\/blockquote>\t\t\t\t\t\t\t\t\t<\/li>\n\t\t\t\t\t\t\t<li>\n\t\t\t\t\t\t\t\t\t\t\t<blockquote class='clearfix small simple post-9665 testimonials type-testimonials status-publish hentry testimonials_category-slider-no-photo'><h3 class=\"quote-summary\">\"Le r\u00e9sultat est au-dessus de nos attentes !\"<\/h3><div class=\"quote-title-wrapper clearfix\"><div class='quote-title'><span class='icon shortcode   use-hover' style='color:#F8DF04;'>&#57864;<\/span><span class='icon shortcode   use-hover' style='color:#F8DF04;'>&#57864;<\/span><span class='icon shortcode   use-hover' style='color:#F8DF04;'>&#57864;<\/span><span class='icon shortcode   use-hover' style='color:#F8DF04;'>&#57864;<\/span><span class='icon shortcode   use-hover' style='color:#F8DF04;'>&#57864;<\/span> &mdash; <span class='the-title'>Martine L.<\/span><\/div><\/div><div class='quote-text'><div class=\"quote-content\"><strong>R\u00e9novation de sol chez un particulier \u00e0 Reyrieux (01)<\/strong>\r\n\r\nNous souhaitions remplacer ou recouvrir le carrelage blanc, ancien et ab\u00eem\u00e9 dans les pi\u00e8ces principales de notre maison : salon, cuisine, couloirs ainsi que la chambre d'amis. Nous avons d\u00e9cid\u00e9 de faire confiance \u00e0 CARR\u00c9 CR\u00c9ATION qui s'est montr\u00e9 d'excellents conseils et force de proposition pour nous apporter les meilleures solutions. Notre choix s\u2019est port\u00e9 sur des lames LVT en PVC imitation parquet. L\u2019entreprise a proc\u00e9d\u00e9 \u00e0 plusieurs visites de contr\u00f4le afin de garantir une pose impeccable et des finitions soign\u00e9es.<\/div><\/div><\/blockquote>\t\t\t\t\t\t\t\t\t<\/li>\n\t\t\t\t\t<\/ul>\n\t\t<script>\n\t\t\tjQuery(function($) {\n\t\t\t\tvar el = $('#238609fe9232d8388eee9805d73257b3');\n\t\t\t\tel.data('bxslider', el.bxSlider({\n\t\t\t\t\tpager: true,\n\t\t\t\t\tcontrols: false,\n\t\t\t\t\tauto: true,\n\t\t\t\t\tpause: 7000,\n\t\t\t\t\tautoHover: true,\n\t\t\t\t\tadaptiveHeight: false\t\t\t\t}));\n\t\t\t});\n\t\t<\/script>\n\t<\/div>\n\n<\/div><\/div><\/div><\/div><\/div><\/div>\n<div class=\"push  wpv-hide-lowres\" style=\"height:40px\"><\/div>\n<div class=\"row \"><div class=\"wpv-grid grid-1-1  first has-background extended animation-from-bottom animated-active has-extended-padding\" style=\"background-color:#F4F4F4;padding-top:40px;padding-bottom:40px;\" id=\"wpv-column-b2389f12aa455604c04f82577bc67d45\" ><div class=\"limit-wrapper\"><div class=\"extended-column-inner\"><style>#wpv-column-b2389f12aa455604c04f82577bc67d45 p,#wpv-column-b2389f12aa455604c04f82577bc67d45 em,#wpv-column-b2389f12aa455604c04f82577bc67d45 h1,#wpv-column-b2389f12aa455604c04f82577bc67d45 h2,#wpv-column-b2389f12aa455604c04f82577bc67d45 h3,#wpv-column-b2389f12aa455604c04f82577bc67d45 h4,#wpv-column-b2389f12aa455604c04f82577bc67d45 h5,#wpv-column-b2389f12aa455604c04f82577bc67d45 h6,#wpv-column-b2389f12aa455604c04f82577bc67d45 .column-title,#wpv-column-b2389f12aa455604c04f82577bc67d45 .sep-text h2.regular-title-wrapper,#wpv-column-b2389f12aa455604c04f82577bc67d45 .text-divider-double,#wpv-column-b2389f12aa455604c04f82577bc67d45 .sep-text .sep-text-line,#wpv-column-b2389f12aa455604c04f82577bc67d45 .sep,#wpv-column-b2389f12aa455604c04f82577bc67d45 .sep-2,#wpv-column-b2389f12aa455604c04f82577bc67d45 .sep-3,#wpv-column-b2389f12aa455604c04f82577bc67d45 td,#wpv-column-b2389f12aa455604c04f82577bc67d45 th,#wpv-column-b2389f12aa455604c04f82577bc67d45 caption{color:#757575;}#wpv-column-b2389f12aa455604c04f82577bc67d45:before{background-color:transparent;}<\/style><div class=\"row \"><div class=\"wpv-grid grid-1-1  first unextended no-extended-padding\" style=\"padding-top:0.05px;padding-bottom:0.05px;\" id=\"wpv-column-c18b205b25a3e0ee5152bd88fb4533eb\" ><h3 style=\"text-align: center;\">Notre vision repose sur la qualit\u00e9 du travail r\u00e9alis\u00e9 et sur la satisfaction client <a href=\"http:\/\/carre-creation.com\/index.php\/contact\/\" target=\"_self\" style='font-size: 14px;' class=\"vamtam-button accent1  button-style-3 hover-accent2 \"><span class='icon shortcode theme  use-hover' style='color:#ffffff;font-size:22px !important;'>&#57524;<\/span><span class=\"btext\" data-text=\"Contactez-nous\">Contactez-nous<\/span><\/a><\/h3><\/div><\/div><\/div><\/div><\/div><\/div><\/div><\/div><\/div><\/div>\n<div class=\"push  wpv-hide-lowres\" style=\"height:40px\"><\/div>\n","protected":false},"excerpt":{"rendered":"<p>R\u00e9novation de sol chez un particulier \u00e0 Reyrieux (01) Nous souhaitions remplacer ou recouvrir le carrelage blanc, ancien et ab\u00eem\u00e9 dans les pi\u00e8ces principales de notre maison : salon, cuisine, couloirs ainsi que la chambre d&rsquo;amis. Nous avons d\u00e9cid\u00e9 de faire confiance \u00e0 CARR\u00c9 CR\u00c9ATION qui s&rsquo;est montr\u00e9 d&rsquo;excellents conseils et force de proposition pour&#8230;<\/p>\n","protected":false},"author":1,"featured_media":0,"parent":0,"menu_order":0,"comment_status":"closed","ping_status":"closed","template":"","meta":{"om_disable_all_campaigns":false,"_exactmetrics_skip_tracking":false,"_exactmetrics_sitenote_active":false,"_exactmetrics_sitenote_note":"","_exactmetrics_sitenote_category":0,"_monsterinsights_skip_tracking":false,"_monsterinsights_sitenote_active":false,"_monsterinsights_sitenote_note":"","_monsterinsights_sitenote_category":0,"footnotes":""},"aioseo_notices":[],"_links":{"self":[{"href":"https:\/\/carre-creation.com\/index.php\/wp-json\/wp\/v2\/pages\/7778"}],"collection":[{"href":"https:\/\/carre-creation.com\/index.php\/wp-json\/wp\/v2\/pages"}],"about":[{"href":"https:\/\/carre-creation.com\/index.php\/wp-json\/wp\/v2\/types\/page"}],"author":[{"embeddable":true,"href":"https:\/\/carre-creation.com\/index.php\/wp-json\/wp\/v2\/users\/1"}],"replies":[{"embeddable":true,"href":"https:\/\/carre-creation.com\/index.php\/wp-json\/wp\/v2\/comments?post=7778"}],"version-history":[{"count":28,"href":"https:\/\/carre-creation.com\/index.php\/wp-json\/wp\/v2\/pages\/7778\/revisions"}],"predecessor-version":[{"id":12235,"href":"https:\/\/carre-creation.com\/index.php\/wp-json\/wp\/v2\/pages\/7778\/revisions\/12235"}],"wp:attachment":[{"href":"https:\/\/carre-creation.com\/index.php\/wp-json\/wp\/v2\/media?parent=7778"}],"curies":[{"name":"wp","href":"https:\/\/api.w.org\/{rel}","templated":true}]}}